{"id":6601,"date":"2025-05-08T11:37:30","date_gmt":"2025-05-08T08:37:30","guid":{"rendered":"https:\/\/www.aunman.ee\/meist\/"},"modified":"2025-12-22T12:31:32","modified_gmt":"2025-12-22T10:31:32","slug":"o-nas","status":"publish","type":"page","link":"https:\/\/www.aunman.ee\/ru\/o-nas\/","title":{"rendered":"\u041e \u043d\u0430\u0441"},"content":{"rendered":"","protected":false},"excerpt":{"rendered":"","protected":false},"author":1,"featured_media":6256,"parent":0,"menu_order":0,"comment_status":"closed","ping_status":"closed","template":"templates\/about.php","meta":{"_acf_changed":false,"footnotes":""},"class_list":["post-6601","page","type-page","status-publish","has-post-thumbnail","hentry","entry"],"acf":[],"yoast_head":"<!-- This site is optimized with the Yoast SEO plugin v27.1 - https:\/\/yoast.com\/product\/yoast-seo-wordpress\/ -->\n<title>\u041e \u043d\u0430\u0441 - Aunman<\/title>\n<meta name=\"robots\" content=\"index, follow, max-snippet:-1, max-image-preview:large, max-video-preview:-1\" \/>\n<link rel=\"canonical\" href=\"https:\/\/www.aunman.ee\/ru\/o-nas\/\" \/>\n<meta property=\"og:locale\" content=\"ru_RU\" \/>\n<meta property=\"og:type\" content=\"article\" \/>\n<meta property=\"og:title\" content=\"\u041e \u043d\u0430\u0441 - Aunman\" \/>\n<meta property=\"og:url\" content=\"https:\/\/www.aunman.ee\/ru\/o-nas\/\" \/>\n<meta property=\"og:site_name\" content=\"Aunman\" \/>\n<meta property=\"article:modified_time\" content=\"2025-12-22T10:31:32+00:00\" \/>\n<meta property=\"og:image\" content=\"https:\/\/www.aunman.ee\/wp-content\/uploads\/2025\/07\/Ankru-8-74_055_Karl-Kasepold-1024x768.jpg\" \/>\n\t<meta property=\"og:image:width\" content=\"1024\" \/>\n\t<meta property=\"og:image:height\" content=\"768\" \/>\n\t<meta property=\"og:image:type\" content=\"image\/jpeg\" \/>\n<meta name=\"twitter:card\" content=\"summary_large_image\" \/>\n<meta name=\"twitter:label1\" content=\"\u041f\u0440\u0438\u043c\u0435\u0440\u043d\u043e\u0435 \u0432\u0440\u0435\u043c\u044f \u0434\u043b\u044f \u0447\u0442\u0435\u043d\u0438\u044f\" \/>\n\t<meta name=\"twitter:data1\" content=\"5 \u043c\u0438\u043d\u0443\u0442\" \/>\n<script type=\"application\/ld+json\" class=\"yoast-schema-graph\">{\"@context\":\"https:\/\/schema.org\",\"@graph\":[{\"@type\":\"WebPage\",\"@id\":\"https:\/\/www.aunman.ee\/ru\/o-nas\/\",\"url\":\"https:\/\/www.aunman.ee\/ru\/o-nas\/\",\"name\":\"\u041e \u043d\u0430\u0441 - Aunman\",\"isPartOf\":{\"@id\":\"https:\/\/www.aunman.ee\/#website\"},\"primaryImageOfPage\":{\"@id\":\"https:\/\/www.aunman.ee\/ru\/o-nas\/#primaryimage\"},\"image\":{\"@id\":\"https:\/\/www.aunman.ee\/ru\/o-nas\/#primaryimage\"},\"thumbnailUrl\":\"https:\/\/www.aunman.ee\/wp-content\/uploads\/2025\/07\/Ankru-8-74_055_Karl-Kasepold.jpg\",\"datePublished\":\"2025-05-08T08:37:30+00:00\",\"dateModified\":\"2025-12-22T10:31:32+00:00\",\"breadcrumb\":{\"@id\":\"https:\/\/www.aunman.ee\/ru\/o-nas\/#breadcrumb\"},\"inLanguage\":\"ru-RU\",\"potentialAction\":[{\"@type\":\"ReadAction\",\"target\":[\"https:\/\/www.aunman.ee\/ru\/o-nas\/\"]}]},{\"@type\":\"ImageObject\",\"inLanguage\":\"ru-RU\",\"@id\":\"https:\/\/www.aunman.ee\/ru\/o-nas\/#primaryimage\",\"url\":\"https:\/\/www.aunman.ee\/wp-content\/uploads\/2025\/07\/Ankru-8-74_055_Karl-Kasepold.jpg\",\"contentUrl\":\"https:\/\/www.aunman.ee\/wp-content\/uploads\/2025\/07\/Ankru-8-74_055_Karl-Kasepold.jpg\",\"width\":3000,\"height\":2250},{\"@type\":\"BreadcrumbList\",\"@id\":\"https:\/\/www.aunman.ee\/ru\/o-nas\/#breadcrumb\",\"itemListElement\":[{\"@type\":\"ListItem\",\"position\":1,\"name\":\"Home\",\"item\":\"https:\/\/www.aunman.ee\/ru\/\"},{\"@type\":\"ListItem\",\"position\":2,\"name\":\"\u041e \u043d\u0430\u0441\"}]},{\"@type\":\"WebSite\",\"@id\":\"https:\/\/www.aunman.ee\/#website\",\"url\":\"https:\/\/www.aunman.ee\/\",\"name\":\"Aunman\",\"description\":\"Eritellimusm\u00f6\u00f6bel: garderoobid, k\u00f6\u00f6gim\u00f6\u00f6bel, kontor jm\",\"publisher\":{\"@id\":\"https:\/\/www.aunman.ee\/#organization\"},\"potentialAction\":[{\"@type\":\"SearchAction\",\"target\":{\"@type\":\"EntryPoint\",\"urlTemplate\":\"https:\/\/www.aunman.ee\/?s={search_term_string}\"},\"query-input\":{\"@type\":\"PropertyValueSpecification\",\"valueRequired\":true,\"valueName\":\"search_term_string\"}}],\"inLanguage\":\"ru-RU\"},{\"@type\":\"Organization\",\"@id\":\"https:\/\/www.aunman.ee\/#organization\",\"name\":\"Aunman\",\"url\":\"https:\/\/www.aunman.ee\/\",\"logo\":{\"@type\":\"ImageObject\",\"inLanguage\":\"ru-RU\",\"@id\":\"https:\/\/www.aunman.ee\/#\/schema\/logo\/image\/\",\"url\":\"https:\/\/www.aunman.ee\/wp-content\/uploads\/2025\/05\/logo.svg\",\"contentUrl\":\"https:\/\/www.aunman.ee\/wp-content\/uploads\/2025\/05\/logo.svg\",\"caption\":\"Aunman\"},\"image\":{\"@id\":\"https:\/\/www.aunman.ee\/#\/schema\/logo\/image\/\"}}]}<\/script>\n<!-- \/ Yoast SEO plugin. -->","yoast_head_json":{"title":"\u041e \u043d\u0430\u0441 - Aunman","robots":{"index":"index","follow":"follow","max-snippet":"max-snippet:-1","max-image-preview":"max-image-preview:large","max-video-preview":"max-video-preview:-1"},"canonical":"https:\/\/www.aunman.ee\/ru\/o-nas\/","og_locale":"ru_RU","og_type":"article","og_title":"\u041e \u043d\u0430\u0441 - Aunman","og_url":"https:\/\/www.aunman.ee\/ru\/o-nas\/","og_site_name":"Aunman","article_modified_time":"2025-12-22T10:31:32+00:00","og_image":[{"width":1024,"height":768,"url":"https:\/\/www.aunman.ee\/wp-content\/uploads\/2025\/07\/Ankru-8-74_055_Karl-Kasepold-1024x768.jpg","type":"image\/jpeg"}],"twitter_card":"summary_large_image","twitter_misc":{"\u041f\u0440\u0438\u043c\u0435\u0440\u043d\u043e\u0435 \u0432\u0440\u0435\u043c\u044f \u0434\u043b\u044f \u0447\u0442\u0435\u043d\u0438\u044f":"5 \u043c\u0438\u043d\u0443\u0442"},"schema":{"@context":"https:\/\/schema.org","@graph":[{"@type":"WebPage","@id":"https:\/\/www.aunman.ee\/ru\/o-nas\/","url":"https:\/\/www.aunman.ee\/ru\/o-nas\/","name":"\u041e \u043d\u0430\u0441 - Aunman","isPartOf":{"@id":"https:\/\/www.aunman.ee\/#website"},"primaryImageOfPage":{"@id":"https:\/\/www.aunman.ee\/ru\/o-nas\/#primaryimage"},"image":{"@id":"https:\/\/www.aunman.ee\/ru\/o-nas\/#primaryimage"},"thumbnailUrl":"https:\/\/www.aunman.ee\/wp-content\/uploads\/2025\/07\/Ankru-8-74_055_Karl-Kasepold.jpg","datePublished":"2025-05-08T08:37:30+00:00","dateModified":"2025-12-22T10:31:32+00:00","breadcrumb":{"@id":"https:\/\/www.aunman.ee\/ru\/o-nas\/#breadcrumb"},"inLanguage":"ru-RU","potentialAction":[{"@type":"ReadAction","target":["https:\/\/www.aunman.ee\/ru\/o-nas\/"]}]},{"@type":"ImageObject","inLanguage":"ru-RU","@id":"https:\/\/www.aunman.ee\/ru\/o-nas\/#primaryimage","url":"https:\/\/www.aunman.ee\/wp-content\/uploads\/2025\/07\/Ankru-8-74_055_Karl-Kasepold.jpg","contentUrl":"https:\/\/www.aunman.ee\/wp-content\/uploads\/2025\/07\/Ankru-8-74_055_Karl-Kasepold.jpg","width":3000,"height":2250},{"@type":"BreadcrumbList","@id":"https:\/\/www.aunman.ee\/ru\/o-nas\/#breadcrumb","itemListElement":[{"@type":"ListItem","position":1,"name":"Home","item":"https:\/\/www.aunman.ee\/ru\/"},{"@type":"ListItem","position":2,"name":"\u041e \u043d\u0430\u0441"}]},{"@type":"WebSite","@id":"https:\/\/www.aunman.ee\/#website","url":"https:\/\/www.aunman.ee\/","name":"Aunman","description":"Eritellimusm\u00f6\u00f6bel: garderoobid, k\u00f6\u00f6gim\u00f6\u00f6bel, kontor jm","publisher":{"@id":"https:\/\/www.aunman.ee\/#organization"},"potentialAction":[{"@type":"SearchAction","target":{"@type":"EntryPoint","urlTemplate":"https:\/\/www.aunman.ee\/?s={search_term_string}"},"query-input":{"@type":"PropertyValueSpecification","valueRequired":true,"valueName":"search_term_string"}}],"inLanguage":"ru-RU"},{"@type":"Organization","@id":"https:\/\/www.aunman.ee\/#organization","name":"Aunman","url":"https:\/\/www.aunman.ee\/","logo":{"@type":"ImageObject","inLanguage":"ru-RU","@id":"https:\/\/www.aunman.ee\/#\/schema\/logo\/image\/","url":"https:\/\/www.aunman.ee\/wp-content\/uploads\/2025\/05\/logo.svg","contentUrl":"https:\/\/www.aunman.ee\/wp-content\/uploads\/2025\/05\/logo.svg","caption":"Aunman"},"image":{"@id":"https:\/\/www.aunman.ee\/#\/schema\/logo\/image\/"}}]}},"_links":{"self":[{"href":"https:\/\/www.aunman.ee\/ru\/wp-json\/wp\/v2\/pages\/6601","targetHints":{"allow":["GET"]}}],"collection":[{"href":"https:\/\/www.aunman.ee\/ru\/wp-json\/wp\/v2\/pages"}],"about":[{"href":"https:\/\/www.aunman.ee\/ru\/wp-json\/wp\/v2\/types\/page"}],"author":[{"embeddable":true,"href":"https:\/\/www.aunman.ee\/ru\/wp-json\/wp\/v2\/users\/1"}],"replies":[{"embeddable":true,"href":"https:\/\/www.aunman.ee\/ru\/wp-json\/wp\/v2\/comments?post=6601"}],"version-history":[{"count":8,"href":"https:\/\/www.aunman.ee\/ru\/wp-json\/wp\/v2\/pages\/6601\/revisions"}],"predecessor-version":[{"id":7940,"href":"https:\/\/www.aunman.ee\/ru\/wp-json\/wp\/v2\/pages\/6601\/revisions\/7940"}],"wp:featuredmedia":[{"embeddable":true,"href":"https:\/\/www.aunman.ee\/ru\/wp-json\/wp\/v2\/media\/6256"}],"wp:attachment":[{"href":"https:\/\/www.aunman.ee\/ru\/wp-json\/wp\/v2\/media?parent=6601"}],"curies":[{"name":"wp","href":"https:\/\/api.w.org\/{rel}","templated":true}]}}